{"id":28,"date":"2025-12-27T20:05:13","date_gmt":"2025-12-27T20:05:13","guid":{"rendered":"https:\/\/ladubacken.nl\/?page_id=28"},"modified":"2026-04-06T21:27:06","modified_gmt":"2026-04-06T20:27:06","slug":"omgeving","status":"publish","type":"page","link":"https:\/\/ladubacken.nl\/?page_id=28","title":{"rendered":"Omgeving"},"content":{"rendered":"\n<h2 class=\"wp-block-heading\">Activiteiten in de omgeving<\/h2>\n\n\n\n<p>In deze mooie omgeving is het mogelijk om begeleide activiteiten te doen. Wij kennen \u201cRobertsfors Rental\u201d, waar Mats in de winter sneeuwscooter tochten en ijsvissen aanbiedt. <br>In de zomer kan je bij Mats terecht voor vissen of trektochten in de omgeving. Bekijk voor een impressie zijn&nbsp;<a href=\"https:\/\/www.facebook.com\/RobertsforsRental\" target=\"_blank\" rel=\"noreferrer noopener\">Facebook pagina<\/a>.<\/p>\n\n\n\n<div class=\"wp-block-columns is-layout-flex wp-container-core-columns-is-layout-12ca2eb4 wp-block-columns-is-layout-flex\" style=\"padding-right:0px;padding-left:0px\">\n<div class=\"wp-block-column is-layout-flow wp-block-column-is-layout-flow\">\n<figure class=\"wp-block-image size-large is-resized\"><img loading=\"lazy\" decoding=\"async\" width=\"1024\" height=\"576\" src=\"https:\/\/ladubacken.nl\/wp-content\/uploads\/2025\/12\/Sneeuwscooter-tocht-1024x576.jpeg\" alt=\"\" class=\"wp-image-85\" style=\"width:auto;height:300px\" srcset=\"https:\/\/ladubacken.nl\/wp-content\/uploads\/2025\/12\/Sneeuwscooter-tocht-1024x576.jpeg 1024w, https:\/\/ladubacken.nl\/wp-content\/uploads\/2025\/12\/Sneeuwscooter-tocht-300x169.jpeg 300w, https:\/\/ladubacken.nl\/wp-content\/uploads\/2025\/12\/Sneeuwscooter-tocht-768x432.jpeg 768w, https:\/\/ladubacken.nl\/wp-content\/uploads\/2025\/12\/Sneeuwscooter-tocht-1536x864.jpeg 1536w, https:\/\/ladubacken.nl\/wp-content\/uploads\/2025\/12\/Sneeuwscooter-tocht-1000x563.jpeg 1000w, https:\/\/ladubacken.nl\/wp-content\/uploads\/2025\/12\/Sneeuwscooter-tocht-996x560.jpeg 996w, https:\/\/ladubacken.nl\/wp-content\/uploads\/2025\/12\/Sneeuwscooter-tocht-600x338.jpeg 600w, https:\/\/ladubacken.nl\/wp-content\/uploads\/2025\/12\/Sneeuwscooter-tocht.jpeg 1600w\" sizes=\"auto, (max-width: 1024px) 100vw, 1024px\" \/><\/figure>\n<\/div>\n\n\n\n<div class=\"wp-block-column is-layout-flow wp-block-column-is-layout-flow\">\n<figure class=\"wp-block-image size-large is-resized\"><img loading=\"lazy\" decoding=\"async\" width=\"768\" height=\"1024\" src=\"https:\/\/ladubacken.nl\/wp-content\/uploads\/2026\/04\/IMG_8824-768x1024.jpeg\" alt=\"\" class=\"wp-image-147\" style=\"aspect-ratio:0.7500945179584121;width:225px;height:auto\" srcset=\"https:\/\/ladubacken.nl\/wp-content\/uploads\/2026\/04\/IMG_8824-768x1024.jpeg 768w, https:\/\/ladubacken.nl\/wp-content\/uploads\/2026\/04\/IMG_8824-225x300.jpeg 225w, https:\/\/ladubacken.nl\/wp-content\/uploads\/2026\/04\/IMG_8824-1152x1536.jpeg 1152w, https:\/\/ladubacken.nl\/wp-content\/uploads\/2026\/04\/IMG_8824-1536x2048.jpeg 1536w, https:\/\/ladubacken.nl\/wp-content\/uploads\/2026\/04\/IMG_8824-2000x2666.jpeg 2000w, https:\/\/ladubacken.nl\/wp-content\/uploads\/2026\/04\/IMG_8824-1000x1333.jpeg 1000w, https:\/\/ladubacken.nl\/wp-content\/uploads\/2026\/04\/IMG_8824-1800x2400.jpeg 1800w, https:\/\/ladubacken.nl\/wp-content\/uploads\/2026\/04\/IMG_8824-420x560.jpeg 420w, https:\/\/ladubacken.nl\/wp-content\/uploads\/2026\/04\/IMG_8824-600x800.jpeg 600w, https:\/\/ladubacken.nl\/wp-content\/uploads\/2026\/04\/IMG_8824-scaled.jpeg 1920w\" sizes=\"auto, (max-width: 768px) 100vw, 768px\" \/><\/figure>\n<\/div>\n<\/div>\n\n\n\n<h2 class=\"wp-block-heading\">Huski sledetocht<\/h2>\n\n\n\n<p>Op een uur rijden ten westen van Ladub\u00e4cken ligt het dorpje Gran\u00f6. Bij Spruce Island Husky kan je husky slee rijden door de prachtige bossen en bevroren rivieren van V\u00e4sterbotten. Zodra de eerste sneeuw valt in het noorden van Zweden, begint het hoogseizoen bij dit husky bedrijf, dat gasten uit de hele wereld ontvangt.<\/p>\n\n\n\n<p>Er zijn tochten voor iedereen \u2014 van een korte proefrit van anderhalf uur (A Taste of Mushing), geschikt voor families en senioren, tot een avontuurlijkere tocht van drie uur waarbij je zelf de slee bestuurt (Into the Wild) door heuvelachtig terrein. Voor de echte natuurliefhebber is er ook de Aurora Husky Ride: een nachtelijke tocht langs de bevroren rivier en door de bossen, verlicht door maan en sterrenhemel \u2014 met de kans op het noorderlicht.<br><br>Bekijk hier de website van <a href=\"https:\/\/spruceislandhusky.se\/en\" data-type=\"link\" data-id=\"https:\/\/spruceislandhusky.se\/en\">Spruce Island Husky<\/a>.<\/p>\n\n\n\n<h2 class=\"wp-block-heading\">Skipiste<\/h2>\n\n\n\n<p>Er is een skipiste op zeven minuten afstand.<\/p>\n\n\n\n<h2 class=\"wp-block-heading\">Strand<\/h2>\n\n\n\n<p>Een heel leuk strand in de buurt is Bj\u00e4nnsj\u00f6n badplaats. Hierop navigeren. De weg is het laatste stuk onverhard.<\/p>\n\n\n\n<div class=\"wp-block-columns is-layout-flex wp-container-core-columns-is-layout-12ca2eb4 wp-block-columns-is-layout-flex\" style=\"padding-right:0px;padding-left:0px\">\n<div class=\"wp-block-column is-layout-flow wp-block-column-is-layout-flow\">\n<figure class=\"wp-block-image size-large is-resized\"><img loading=\"lazy\" decoding=\"async\" width=\"1024\" height=\"576\" src=\"https:\/\/ladubacken.nl\/wp-content\/uploads\/2025\/12\/Badplaats-Bjannsjon-meer-1024x576.jpeg\" alt=\"\" class=\"wp-image-76\" style=\"width:auto;height:300px\" srcset=\"https:\/\/ladubacken.nl\/wp-content\/uploads\/2025\/12\/Badplaats-Bjannsjon-meer-1024x576.jpeg 1024w, https:\/\/ladubacken.nl\/wp-content\/uploads\/2025\/12\/Badplaats-Bjannsjon-meer-300x169.jpeg 300w, https:\/\/ladubacken.nl\/wp-content\/uploads\/2025\/12\/Badplaats-Bjannsjon-meer-768x432.jpeg 768w, https:\/\/ladubacken.nl\/wp-content\/uploads\/2025\/12\/Badplaats-Bjannsjon-meer-1536x864.jpeg 1536w, https:\/\/ladubacken.nl\/wp-content\/uploads\/2025\/12\/Badplaats-Bjannsjon-meer-2000x1125.jpeg 2000w, https:\/\/ladubacken.nl\/wp-content\/uploads\/2025\/12\/Badplaats-Bjannsjon-meer-1000x563.jpeg 1000w, https:\/\/ladubacken.nl\/wp-content\/uploads\/2025\/12\/Badplaats-Bjannsjon-meer-1800x1013.jpeg 1800w, https:\/\/ladubacken.nl\/wp-content\/uploads\/2025\/12\/Badplaats-Bjannsjon-meer-996x560.jpeg 996w, https:\/\/ladubacken.nl\/wp-content\/uploads\/2025\/12\/Badplaats-Bjannsjon-meer-600x338.jpeg 600w, https:\/\/ladubacken.nl\/wp-content\/uploads\/2025\/12\/Badplaats-Bjannsjon-meer.jpeg 2016w\" sizes=\"auto, (max-width: 1024px) 100vw, 1024px\" \/><\/figure>\n<\/div>\n\n\n\n<div class=\"wp-block-column is-layout-flow wp-block-column-is-layout-flow\">\n<figure class=\"wp-block-image size-large is-resized\"><img loading=\"lazy\" decoding=\"async\" width=\"1024\" height=\"576\" src=\"https:\/\/ladubacken.nl\/wp-content\/uploads\/2025\/12\/Badplaats-Bjannsjon-strand-1-1024x576.jpeg\" alt=\"\" class=\"wp-image-77\" style=\"width:auto;height:300px\" srcset=\"https:\/\/ladubacken.nl\/wp-content\/uploads\/2025\/12\/Badplaats-Bjannsjon-strand-1-1024x576.jpeg 1024w, https:\/\/ladubacken.nl\/wp-content\/uploads\/2025\/12\/Badplaats-Bjannsjon-strand-1-300x169.jpeg 300w, https:\/\/ladubacken.nl\/wp-content\/uploads\/2025\/12\/Badplaats-Bjannsjon-strand-1-768x432.jpeg 768w, https:\/\/ladubacken.nl\/wp-content\/uploads\/2025\/12\/Badplaats-Bjannsjon-strand-1-1536x864.jpeg 1536w, https:\/\/ladubacken.nl\/wp-content\/uploads\/2025\/12\/Badplaats-Bjannsjon-strand-1-2000x1125.jpeg 2000w, https:\/\/ladubacken.nl\/wp-content\/uploads\/2025\/12\/Badplaats-Bjannsjon-strand-1-1000x563.jpeg 1000w, https:\/\/ladubacken.nl\/wp-content\/uploads\/2025\/12\/Badplaats-Bjannsjon-strand-1-1800x1013.jpeg 1800w, https:\/\/ladubacken.nl\/wp-content\/uploads\/2025\/12\/Badplaats-Bjannsjon-strand-1-996x560.jpeg 996w, https:\/\/ladubacken.nl\/wp-content\/uploads\/2025\/12\/Badplaats-Bjannsjon-strand-1-600x338.jpeg 600w, https:\/\/ladubacken.nl\/wp-content\/uploads\/2025\/12\/Badplaats-Bjannsjon-strand-1.jpeg 2016w\" sizes=\"auto, (max-width: 1024px) 100vw, 1024px\" \/><\/figure>\n<\/div>\n<\/div>\n\n\n\n<div style=\"height:var(--wp--preset--spacing--medium)\" aria-hidden=\"true\" class=\"wp-block-spacer\"><\/div>\n","protected":false},"excerpt":{"rendered":"<p>Activiteiten in de omgeving In deze mooie omgeving is het mogelijk om begeleide activiteiten te doen. Wij kennen \u201cRobertsfors Rental\u201d, waar Mats in de winter sneeuwscooter tochten en ijsvissen aanbiedt. In de zomer kan je bij Mats terecht voor vissen of trektochten in de omgeving. Bekijk voor een impressie zijn&nbsp;Facebook [&hellip;]<\/p>\n","protected":false},"author":1,"featured_media":29,"parent":0,"menu_order":0,"comment_status":"closed","ping_status":"closed","template":"","meta":{"inspiro_page_layout":"narrow","inspiro_hide_title":false,"footnotes":""},"class_list":["post-28","page","type-page","status-publish","has-post-thumbnail","hentry"],"_links":{"self":[{"href":"https:\/\/ladubacken.nl\/index.php?rest_route=\/wp\/v2\/pages\/28","targetHints":{"allow":["GET"]}}],"collection":[{"href":"https:\/\/ladubacken.nl\/index.php?rest_route=\/wp\/v2\/pages"}],"about":[{"href":"https:\/\/ladubacken.nl\/index.php?rest_route=\/wp\/v2\/types\/page"}],"author":[{"embeddable":true,"href":"https:\/\/ladubacken.nl\/index.php?rest_route=\/wp\/v2\/users\/1"}],"replies":[{"embeddable":true,"href":"https:\/\/ladubacken.nl\/index.php?rest_route=%2Fwp%2Fv2%2Fcomments&post=28"}],"version-history":[{"count":12,"href":"https:\/\/ladubacken.nl\/index.php?rest_route=\/wp\/v2\/pages\/28\/revisions"}],"predecessor-version":[{"id":149,"href":"https:\/\/ladubacken.nl\/index.php?rest_route=\/wp\/v2\/pages\/28\/revisions\/149"}],"wp:featuredmedia":[{"embeddable":true,"href":"https:\/\/ladubacken.nl\/index.php?rest_route=\/wp\/v2\/media\/29"}],"wp:attachment":[{"href":"https:\/\/ladubacken.nl\/index.php?rest_route=%2Fwp%2Fv2%2Fmedia&parent=28"}],"curies":[{"name":"wp","href":"https:\/\/api.w.org\/{rel}","templated":true}]}}